{"id":593,"date":"2020-01-31T15:50:08","date_gmt":"2020-01-31T15:50:08","guid":{"rendered":"https:\/\/www.seniorenbeirat-wustrow.de\/?page_id=593"},"modified":"2020-02-20T09:57:28","modified_gmt":"2020-02-20T08:57:28","slug":"datenschutz","status":"publish","type":"page","link":"https:\/\/www.seniorenbeirat-wustrow.de\/index.php\/datenschutz\/","title":{"rendered":"Datenschutz"},"content":{"rendered":"<p>Der Seniorenbeirat Wustrow verarbeitet bei Aufruf und Nutzung dieser Website personenbezogene Daten im Sinne des Art. 4 Nr. 1 Datenschutz-Grundverordnung (DS-GVO). Betroffene Personen haben das Recht, nach Art. 13 DS-GVO informiert zu werden.<\/p>\n<p><strong>Name und Kontaktdaten des Verantwortlichen <\/strong><\/p>\n<p>Verantwortlicher im Sinne des Art. 4 Nr. 7 DS-GVO ist:<\/p>\n\n\n<figure class=\"wp-block-image size-large\"><img loading=\"lazy\" decoding=\"async\" width=\"336\" height=\"130\" src=\"https:\/\/www.seniorenbeirat-wustrow.de\/wp-content\/uploads\/2020\/02\/Eckdaten-SBR.jpg\" alt=\"\" class=\"wp-image-599\" srcset=\"https:\/\/www.seniorenbeirat-wustrow.de\/wp-content\/uploads\/2020\/02\/Eckdaten-SBR.jpg 336w, https:\/\/www.seniorenbeirat-wustrow.de\/wp-content\/uploads\/2020\/02\/Eckdaten-SBR-300x116.jpg 300w, https:\/\/www.seniorenbeirat-wustrow.de\/wp-content\/uploads\/2020\/02\/Eckdaten-SBR-230x89.jpg 230w\" sizes=\"auto, (max-width: 336px) 100vw, 336px\" \/><\/figure>\n\n\n<p><strong> Zwecke der Verarbeitung <\/strong><\/p>\n<p>Wir betreiben diese Website um \u00d6ffentlichkeitsarbeit zu betreiben. Hieran haben wir ein berechtigtes Interesse gem. Art. 6 Abs. 1 lit. f DS-GVO. Die bei der blo\u00df informatorischen Nutzung unserer Website erhobenen Daten werden technisch ben\u00f6tigt, um unsere Website auf Ihrem Endger\u00e4t anzuzeigen und um die Systemsicherheit zu gew\u00e4hrleisten.<\/p>\n<p><strong> Kategorien personenbezogener Daten, die verarbeitet werden <\/strong><\/p>\n<p>Bei der informatorischen Nutzung unserer Website erheben wir nur die personenbezogenen Daten, die Ihr Browser an den Server unserer Website \u00fcbermittelt:<\/p>\n<ul>\n<li>IP-Adresse des anfragenden Rechners<\/li>\n<li>Datum und Uhrzeit des Zugriffs<\/li>\n<li>Name und URL der abgerufenen Datei<\/li>\n<li>URL oder Provider von der \/ von dem aus die Datei angefordert wurde<\/li>\n<li>Verwendeter Browser einschlie\u00dflich Daten zu den verwendeten Einstellungen der Oberfl\u00e4chendarstellung (Schriftgr\u00f6\u00dfe, Schriftart, verwendete Farben etc.) sowie das Betriebssystem Ihres Rechners<\/li>\n<li>Zugriffsstatus des Web-Servers (Datei \u00fcbertragen, Datei nicht gefunden, Kommando nicht ausgef\u00fchrt, etc.)<\/li>\n<\/ul>\n<p>Dar\u00fcber hinaus werden bei der informatorischen Nutzung unserer Website so genannte transiente Cookies auf Ihrem Rechner gespeichert. Cookies sind kleine Textdateien, die auf Ihrem Endger\u00e4t dem von Ihnen verwendeten Browser zugeordnet gespeichert werden und durch die uns bestimmte Informationen zuflie\u00dfen. Cookies k\u00f6nnen keine Programme ausf\u00fchren oder Viren auf Ihren Computer \u00fcbertragen. Sie dienen dazu, unser Internetangebot insgesamt benutzerfreundlicher und effektiver zu machen.<\/p>\n<p>Transiente Cookies werden automatisiert gel\u00f6scht, wenn Sie den Browser schlie\u00dfen. Dazu z\u00e4hlen insbesondere die von uns ausschlie\u00dflich verwendeten Session Cookies. Diese Speichern eine so genannte Session-ID, mit welcher sich verschiedene Anfragen Ihres Browsers der gemeinsamen Sitzung zuordnen lassen. Dadurch kann Ihr Rechner innerhalb einer Sitzung wiedererkannt werden, wenn Sie auf unsere Website zur\u00fcckkehren. Die Session-Cookies werden automatisch gel\u00f6scht, wenn Sie den Browser schlie\u00dfen.<\/p>\n<p>Sie k\u00f6nnen Ihre Browser-Einstellung entsprechend Ihren W\u00fcnschen konfigurieren und die Annahme von Cookies ablehnen. Wir weisen Sie darauf hin, dass Sie dann eventuell nicht alle Funktionen dieser Website nutzen k\u00f6nnen.<\/p>\n<p><strong> Rechtsgrundlage f\u00fcr die Verarbeitung <\/strong><\/p>\n<p>Rechtsgrundlagen f\u00fcr die Verarbeitung personenbezogener Daten durch uns ist Art. 6 Abs. 1 Buchst. f DS-GVO.<\/p>\n<p><strong> Empf\u00e4nger oder Kategorien von Empf\u00e4ngern <\/strong><\/p>\n<p>Die bei der informatorischen Nutzung unserer Website erhobenen personenbezogenen Daten werden durch unseren Provider verarbeitet. Dabei greift dieser auf technische Dienstleistungen von Unterauftragnehmern zur\u00fcck.<\/p>\n<p><strong> Speicherdauer <\/strong><\/p>\n<p>Die bei der informatorischen Nutzung unserer Website erhobenen personenbezogenen Daten werden gel\u00f6scht, sobald sie f\u00fcr ihre Zweckbestimmung nicht mehr erforderlich sind.<\/p>\n<p><strong> Rechte der betroffenen Person <\/strong><\/p>\n<p>Sie haben uns gegen\u00fcber das Recht,<\/p>\n<ul>\n<li>gem\u00e4\u00df Art. 15 DS-GVO Auskunft \u00fcber Ihre von uns verarbeiteten personenbezogenen Daten zu verlangen,<\/li>\n<li>gem\u00e4\u00df Art. 16 DS-GVO die Berichtigung Sie betreffender unrichtiger personenbezogener Daten zu verlangen,<\/li>\n<li>gem\u00e4\u00df Art. 17 DS-GVO die L\u00f6schung Ihrer bei uns gespeicherten personenbezogenen Daten zu verlangen, insbesondere, wenn sie f\u00fcr die Zwecke, f\u00fcr die sie erhoben wurden, nicht mehr notwendig sind und<\/li>\n<li>gem\u00e4\u00df Art. 18 DS-GVO die Einschr\u00e4nkung der Verarbeitung Sie betreffender personenbezogener Daten zu verlangen, etwa wenn Sie die Richtigkeit Sie betreffender personenbezogener Daten bestreiten und wir dies \u00fcberpr\u00fcfen m\u00fcssen.<\/li>\n<\/ul>\n<p>Dar\u00fcber hinaus haben Sie gem\u00e4\u00df Art. 21 DS-GVO uns gegen\u00fcber das Recht, aus Gr\u00fcnden, die sich aus Ihrer besonderen Situation ergeben, jederzeit Widerspruch gegen die Verarbeitung sie betreffender personenbezogener Daten einzulegen.<\/p>\n<p>Zudem k\u00f6nnen Sie sich bei der f\u00fcr uns zust\u00e4ndigen Aufsichtsbeh\u00f6rde beschweren. Die Anschrift der f\u00fcr uns zust\u00e4ndigen Aufsichtsbeh\u00f6rde lautet:<\/p>\n<p>Der Landesbeauftragte f\u00fcr Datenschutz und Informationsfreiheit Mecklenburg-Vorpommern, Lenn\u00e9stra\u00dfe 1, 19053 Schwerin | www.datenschutz-mv.de<\/p>\n<p><strong> E-Mail-Sicherheit <\/strong><\/p>\n<p>Wenn Sie uns eine E-Mail senden, so wird Ihre E-Mail-Adresse nur f\u00fcr die Korrespondenz mit Ihnen verwendet. Wenn Sie eine E-Mail mit schutzw\u00fcrdigem Inhalt an uns senden wollen, so empfehlen wir dringend, diese zu verschl\u00fcsseln, um eine unbefugte Kenntnisnahme und Verf\u00e4lschung auf dem \u00dcbertragungsweg zu verhindern.<\/p>\n<p>Ihr Seniorenbeirat Wustrow<\/p>","protected":false},"excerpt":{"rendered":"<p>Der Seniorenbeirat Wustrow verarbeitet bei Aufruf und Nutzung dieser Website personenbezogene Daten im Sinne des Art. 4 Nr. 1 Datenschutz-Grundverordnung (DS-GVO). Betroffene [&hellip;]<\/p>\n","protected":false},"author":1,"featured_media":0,"parent":0,"menu_order":0,"comment_status":"closed","ping_status":"closed","template":"page-templates\/page_fullwidth.php","meta":{"footnotes":""},"class_list":["post-593","page","type-page","status-publish","hentry"],"_links":{"self":[{"href":"https:\/\/www.seniorenbeirat-wustrow.de\/index.php\/wp-json\/wp\/v2\/pages\/593","targetHints":{"allow":["GET"]}}],"collection":[{"href":"https:\/\/www.seniorenbeirat-wustrow.de\/index.php\/wp-json\/wp\/v2\/pages"}],"about":[{"href":"https:\/\/www.seniorenbeirat-wustrow.de\/index.php\/wp-json\/wp\/v2\/types\/page"}],"author":[{"embeddable":true,"href":"https:\/\/www.seniorenbeirat-wustrow.de\/index.php\/wp-json\/wp\/v2\/users\/1"}],"replies":[{"embeddable":true,"href":"https:\/\/www.seniorenbeirat-wustrow.de\/index.php\/wp-json\/wp\/v2\/comments?post=593"}],"version-history":[{"count":7,"href":"https:\/\/www.seniorenbeirat-wustrow.de\/index.php\/wp-json\/wp\/v2\/pages\/593\/revisions"}],"predecessor-version":[{"id":881,"href":"https:\/\/www.seniorenbeirat-wustrow.de\/index.php\/wp-json\/wp\/v2\/pages\/593\/revisions\/881"}],"wp:attachment":[{"href":"https:\/\/www.seniorenbeirat-wustrow.de\/index.php\/wp-json\/wp\/v2\/media?parent=593"}],"curies":[{"name":"wp","href":"https:\/\/api.w.org\/{rel}","templated":true}]}}