{"id":7,"date":"2019-12-03T16:22:22","date_gmt":"2019-12-03T16:22:22","guid":{"rendered":"https:\/\/www.seniorenbeirat-wustrow.de\/?page_id=7"},"modified":"2025-12-01T18:42:16","modified_gmt":"2025-12-01T17:42:16","slug":"ueber-uns","status":"publish","type":"page","link":"https:\/\/www.seniorenbeirat-wustrow.de\/index.php\/ueber-uns\/","title":{"rendered":"\u00dcber uns"},"content":{"rendered":"\n<div class=\"wp-block-cover is-light has-parallax has-background-dim-NaN\"><div class=\"wp-block-cover__image-background wp-image-790 has-parallax\" style=\"background-position:50% 50%;background-image:url(https:\/\/www.seniorenbeirat-wustrow.de\/wp-content\/uploads\/2020\/02\/klabauters1-scaled.jpg)\"><\/div><span aria-hidden=\"true\" class=\"wp-block-cover__background has-black-background-color has-background-dim\"><\/span><div class=\"wp-block-cover__inner-container is-layout-flow wp-block-cover-is-layout-flow\">\n<p class=\"has-text-align-center has-white-color has-text-color has-large-font-size\"><strong>Der  Seniorenbeirat   der Legislaturperiode    2024 &#8211; 2029 <\/strong><\/p>\n\n\n\n<div class=\"wp-block-columns is-layout-flex wp-container-core-columns-is-layout-28f84493 wp-block-columns-is-layout-flex\">\n<div class=\"wp-block-column is-layout-flow wp-block-column-is-layout-flow\" style=\"flex-basis:25%\"><\/div>\n\n\n\n<div class=\"wp-block-column is-layout-flow wp-block-column-is-layout-flow\" style=\"flex-basis:50%\">\n<figure class=\"wp-block-image size-full\"><img loading=\"lazy\" decoding=\"async\" width=\"640\" height=\"427\" src=\"https:\/\/www.seniorenbeirat-wustrow.de\/wp-content\/uploads\/2025\/11\/alle_20251121.jpg\" alt=\"\" class=\"wp-image-2501\" srcset=\"https:\/\/www.seniorenbeirat-wustrow.de\/wp-content\/uploads\/2025\/11\/alle_20251121.jpg 640w, https:\/\/www.seniorenbeirat-wustrow.de\/wp-content\/uploads\/2025\/11\/alle_20251121-300x200.jpg 300w, https:\/\/www.seniorenbeirat-wustrow.de\/wp-content\/uploads\/2025\/11\/alle_20251121-230x153.jpg 230w, https:\/\/www.seniorenbeirat-wustrow.de\/wp-content\/uploads\/2025\/11\/alle_20251121-350x234.jpg 350w, https:\/\/www.seniorenbeirat-wustrow.de\/wp-content\/uploads\/2025\/11\/alle_20251121-480x320.jpg 480w\" sizes=\"auto, (max-width: 640px) 100vw, 640px\" \/><\/figure>\n<\/div>\n\n\n\n<div class=\"wp-block-column is-layout-flow wp-block-column-is-layout-flow\" style=\"flex-basis:25%\"><\/div>\n<\/div>\n\n\n\n<h4 class=\"wp-block-heading has-text-align-center has-white-color has-text-color has-link-color wp-elements-bee6b0d2a5e6334d55b607820a6a3b35\">Jens Thomas<\/h4>\n\n\n\n<h6 class=\"wp-block-heading has-text-align-center has-white-color has-text-color has-link-color wp-elements-1182352412aa0fb587d8bb123fcc4f4f\">Vorsitzender<\/h6>\n\n\n\n<div class=\"wp-block-media-text alignfull is-stacked-on-mobile is-vertically-aligned-center is-style-default\" style=\"grid-template-columns:20% auto\"><figure class=\"wp-block-media-text__media\"><img loading=\"lazy\" decoding=\"async\" width=\"471\" height=\"1024\" src=\"https:\/\/www.seniorenbeirat-wustrow.de\/wp-content\/uploads\/2022\/02\/Jens-Thomas-471x1024.jpg\" alt=\"\" class=\"wp-image-1517 size-full\" srcset=\"https:\/\/www.seniorenbeirat-wustrow.de\/wp-content\/uploads\/2022\/02\/Jens-Thomas-471x1024.jpg 471w, https:\/\/www.seniorenbeirat-wustrow.de\/wp-content\/uploads\/2022\/02\/Jens-Thomas-138x300.jpg 138w, https:\/\/www.seniorenbeirat-wustrow.de\/wp-content\/uploads\/2022\/02\/Jens-Thomas-768x1668.jpg 768w, https:\/\/www.seniorenbeirat-wustrow.de\/wp-content\/uploads\/2022\/02\/Jens-Thomas-707x1536.jpg 707w, https:\/\/www.seniorenbeirat-wustrow.de\/wp-content\/uploads\/2022\/02\/Jens-Thomas-920x1999.jpg 920w, https:\/\/www.seniorenbeirat-wustrow.de\/wp-content\/uploads\/2022\/02\/Jens-Thomas-230x500.jpg 230w, https:\/\/www.seniorenbeirat-wustrow.de\/wp-content\/uploads\/2022\/02\/Jens-Thomas-350x760.jpg 350w, https:\/\/www.seniorenbeirat-wustrow.de\/wp-content\/uploads\/2022\/02\/Jens-Thomas-480x1043.jpg 480w, https:\/\/www.seniorenbeirat-wustrow.de\/wp-content\/uploads\/2022\/02\/Jens-Thomas.jpg 928w\" sizes=\"auto, (max-width: 471px) 100vw, 471px\" \/><\/figure><div class=\"wp-block-media-text__content\">\n<p class=\"has-white-color has-text-color has-link-color wp-elements-a7b09f39c4273706b76d56011cfc9933\">Geb. 1965<\/p>\n\n\n\n<p class=\"has-white-color has-text-color has-link-color wp-elements-0af7c430f56821599be6a38faa9aff4c\">Aufgewachsen in Wustrow<\/p>\n\n\n\n<p class=\"has-white-color has-text-color has-link-color wp-elements-fdf85bff696a1315331ebb37ae1be2dd\">Lehre Elektronik Facharbeiter<\/p>\n\n\n\n<p class=\"has-white-color has-text-color has-link-color wp-elements-7a0a141978c02ce727955aaaec23ca2e\">Soldat, in Stralsund, Kiel, Rostock<\/p>\n\n\n\n<p class=\"has-white-color has-text-color has-link-color wp-elements-df9bccec1653292d1861fa6aafe31270\">Pension\u00e4r<\/p>\n\n\n\n<p class=\"has-white-color has-text-color has-link-color wp-elements-5f56f4a899cd62e19f49fad587233bea\">nutzen der daraus resultierenden Freizeit im Ehrenamt<\/p>\n\n\n\n<p class=\"has-text-color\" style=\"color:#636363;font-size:17px;line-height:1.1\"><\/p>\n<\/div><\/div>\n\n\n\n<p><\/p>\n\n\n\n<h4 class=\"wp-block-heading has-text-align-center has-white-color has-text-color has-link-color wp-elements-33ebb68d63a5dc93544bf1b149f11edf\">Karl-Heinz Birkholz<\/h4>\n\n\n\n<div class=\"wp-block-media-text has-media-on-the-right is-stacked-on-mobile\" style=\"grid-template-columns:auto 20%\"><div class=\"wp-block-media-text__content\">\n<p class=\"has-white-color has-text-color has-link-color wp-elements-c904a653a114cdfe8f1443e4a727d1a8\">1954 in Wustrow geboren und zur Schule gegangen<\/p>\n\n\n\n<p class=\"has-white-color has-text-color has-link-color wp-elements-a6a533b2553a085844c34c5cdc3d4ed6\">Ausbildung zum Maschinen- und Anlagentechniker mit Abitur auf der Warnow-Werft<\/p>\n\n\n\n<p class=\"has-white-color has-text-color has-link-color wp-elements-c57ad824c31c9600441b602dee33f7fb\">1983 R\u00fcckkehr aus Rostock mit der Familie in das Elternhaus \u201eauf dem Wustrower Berg\u201c<\/p>\n\n\n\n<p class=\"has-white-color has-text-color has-link-color wp-elements-a5e4af3dc79b22c579475373f301f4b1\">4 erwachsene S\u00f6hne<\/p>\n\n\n\n<p class=\"has-white-color has-text-color has-link-color wp-elements-c1240ba314d9af82bf01e26306912b22\">Berufliche T\u00e4tigkeit bis zur Wende bei der Verwaltung der Seefahrtschule, anschlie\u00dfend f\u00fcr die Oberfinanzdirektion Rostock bei der Betreuung von Liegenschaften in MV<\/p>\n\n\n\n<p class=\"has-white-color has-text-color has-link-color wp-elements-74f621c6ccd8af4de56b258a61e08ee2\">Von 2000 bis 2003 Studium der Betriebswirtschaft<\/p>\n\n\n\n<p class=\"has-white-color has-text-color has-link-color wp-elements-360dbf729f8c56d0c4d6d76e714351ed\">Im Anschluss der Sprung in die Selbstst\u00e4ndigkeit als \u201eReisedienst Birkholz\u201c<\/p>\n\n\n\n<p class=\"has-white-color has-text-color has-link-color wp-elements-5d1b1357206044320d22d9e424e74039\">Neben klassischen Ausflugsfahrten und gef\u00fchrten Fahrradtouren und Sch\u00fclertransporten \u00fcbernahm er von 2006 bis ins Jahr 2020 die Ortsf\u00fchrungen in unserem Ostseebad.<\/p>\n\n\n\n<p class=\"has-white-color has-text-color has-link-color wp-elements-2a4b3e9482575ffc350aea902b99c8e3\">Seit September 2025 ist er ehrenamtlich im Seniorenbeirat t\u00e4tig.<\/p>\n<\/div><figure class=\"wp-block-media-text__media\"><img loading=\"lazy\" decoding=\"async\" width=\"360\" height=\"640\" src=\"https:\/\/www.seniorenbeirat-wustrow.de\/wp-content\/uploads\/2025\/11\/Karl-Heinz_Birkholz.jpeg\" alt=\"\" class=\"wp-image-2491 size-full\" srcset=\"https:\/\/www.seniorenbeirat-wustrow.de\/wp-content\/uploads\/2025\/11\/Karl-Heinz_Birkholz.jpeg 360w, https:\/\/www.seniorenbeirat-wustrow.de\/wp-content\/uploads\/2025\/11\/Karl-Heinz_Birkholz-169x300.jpeg 169w, https:\/\/www.seniorenbeirat-wustrow.de\/wp-content\/uploads\/2025\/11\/Karl-Heinz_Birkholz-230x409.jpeg 230w, https:\/\/www.seniorenbeirat-wustrow.de\/wp-content\/uploads\/2025\/11\/Karl-Heinz_Birkholz-350x622.jpeg 350w\" sizes=\"auto, (max-width: 360px) 100vw, 360px\" \/><\/figure><\/div>\n\n\n\n<h4 class=\"wp-block-heading has-text-align-center has-white-color has-text-color has-link-color wp-elements-59a279349715b791d48ae3f0998595d3\">Birgit Drews<\/h4>\n\n\n\n<div class=\"wp-block-media-text is-stacked-on-mobile\" style=\"grid-template-columns:20% auto\"><figure class=\"wp-block-media-text__media\"><img loading=\"lazy\" decoding=\"async\" width=\"471\" height=\"1024\" src=\"https:\/\/www.seniorenbeirat-wustrow.de\/wp-content\/uploads\/2024\/11\/g2-471x1024.jpg\" alt=\"\" class=\"wp-image-2103 size-full\" srcset=\"https:\/\/www.seniorenbeirat-wustrow.de\/wp-content\/uploads\/2024\/11\/g2-471x1024.jpg 471w, https:\/\/www.seniorenbeirat-wustrow.de\/wp-content\/uploads\/2024\/11\/g2-138x300.jpg 138w, https:\/\/www.seniorenbeirat-wustrow.de\/wp-content\/uploads\/2024\/11\/g2-768x1668.jpg 768w, https:\/\/www.seniorenbeirat-wustrow.de\/wp-content\/uploads\/2024\/11\/g2-707x1536.jpg 707w, https:\/\/www.seniorenbeirat-wustrow.de\/wp-content\/uploads\/2024\/11\/g2-230x500.jpg 230w, https:\/\/www.seniorenbeirat-wustrow.de\/wp-content\/uploads\/2024\/11\/g2-350x760.jpg 350w, https:\/\/www.seniorenbeirat-wustrow.de\/wp-content\/uploads\/2024\/11\/g2-480x1043.jpg 480w, https:\/\/www.seniorenbeirat-wustrow.de\/wp-content\/uploads\/2024\/11\/g2.jpg 928w\" sizes=\"auto, (max-width: 471px) 100vw, 471px\" \/><\/figure><div class=\"wp-block-media-text__content\">\n<p class=\"has-white-color has-text-color has-link-color wp-elements-7ca71a5e1d49c4b862a7b59cb6c34b94\">Geboren 1958 in Leipzig, sp\u00e4ter in Berlin aufgewachsen<\/p>\n\n\n\n<p class=\"has-white-color has-text-color has-link-color wp-elements-0726b0d0bab51dd3cc49b09a58aa7bab\">Studium f\u00fcr \u00d6konomie und Verwaltung in Berlin und Greifswald<\/p>\n\n\n\n<p class=\"has-white-color has-text-color has-link-color wp-elements-70bbd788048c61c2ad487feee9f24b0f\">1985 nach Ahrenshoop gezogen, seit 2020 in Wustrow ans\u00e4ssig<\/p>\n\n\n\n<p class=\"has-white-color has-text-color has-link-color wp-elements-f96e10126bc9926362c2ec1370b0b401\">T\u00e4tigkeiten in der Verwaltung der ehemaligen Seefahrtsschule Wustrow und im Amt Dar\u00df\/Fischland bis zum Eintritt in den Ruhestand.<\/p>\n\n\n\n<p class=\"has-white-color has-text-color has-link-color wp-elements-8cbb91fe04bbb84a1d3116001e412d72\">2 erwachsene Kinder, verwitwet;<\/p>\n\n\n\n<p class=\"has-white-color has-text-color has-link-color wp-elements-b9cb3822603edf8274e956541af384b3\">Regelm\u00e4\u00dfige sportliche Aktivit\u00e4ten in diversen Sportgruppen in Wustrow.<\/p>\n\n\n\n<p class=\"has-white-color has-text-color has-link-color wp-elements-bbd7d9b6af0a1c39c465525a4f0e4a2b\">Mit meinem Umzug nach Wustrow ist der Wunsch entstanden, mich weiterhin gesellschaftlich aktiv zu bet\u00e4tigen und in der Seniorenarbeit einzubringen.<\/p>\n<\/div><\/div>\n\n\n\n<h4 class=\"wp-block-heading has-text-align-center has-white-color has-text-color has-link-color wp-elements-68029791a08df3a31924ed96e7f8f5af\">Anne Holtwick<\/h4>\n\n\n\n<div class=\"wp-block-media-text has-media-on-the-right is-stacked-on-mobile\" style=\"grid-template-columns:auto 20%\"><div class=\"wp-block-media-text__content\">\n<p class=\"has-white-color has-text-color has-link-color wp-elements-fc8b12e73cd346c2693154f8e9ee5c1c\">1957 im westf\u00e4lischen M\u00fcnsterland geboren, Dorfkind in landwirtschaftlich gepr\u00e4gter Umgebung, christlich sozialisiert.<\/p>\n\n\n\n<p class=\"has-white-color has-text-color has-link-color wp-elements-be67cbd2cd3b93fac2bfc99bfdb8ccdb\">Studium der Medizin in M\u00fcnster, T\u00e4tigkeit in Minden, Schleswig, Husum allgemeinmedizinische Praxis in Westerland\/Sylt und Hamburg, \u00d6ffentlicher Gesundheitsdienst. Weiterbildung in Rehabilitativer Medizin, Ern\u00e4hrungsmedizin, Palliativmedizin. Derzeit Lehrt\u00e4tigkeit im Bereich der beruflichen Anerkennung \u00e4rztlicher Kolleg\/innen aus nicht EU-L\u00e4ndern.<\/p>\n\n\n\n<p class=\"has-white-color has-text-color has-link-color wp-elements-97c68a220f5915edaced6c37297fdf94\">Verheiratet, 2 erwachsene S\u00f6hne, ein Hund.<\/p>\n\n\n\n<p class=\"has-white-color has-text-color has-link-color wp-elements-0b4156cb264b972e8249e002c4a4be58\">Seit 2021 in Wustrow, Interesse an Unterst\u00fctzung und Mitgestaltung kommunaler Projekte insbesondere f\u00fcr Senioren, Schwerpunkt medizinische Pr\u00e4vention und selbstbestimmtes Altern.<\/p>\n<\/div><figure class=\"wp-block-media-text__media\"><img loading=\"lazy\" decoding=\"async\" width=\"471\" height=\"1024\" src=\"https:\/\/www.seniorenbeirat-wustrow.de\/wp-content\/uploads\/2023\/11\/anne_holtwick_4-471x1024.jpg\" alt=\"\" class=\"wp-image-1936 size-full\" srcset=\"https:\/\/www.seniorenbeirat-wustrow.de\/wp-content\/uploads\/2023\/11\/anne_holtwick_4-471x1024.jpg 471w, https:\/\/www.seniorenbeirat-wustrow.de\/wp-content\/uploads\/2023\/11\/anne_holtwick_4-138x300.jpg 138w, https:\/\/www.seniorenbeirat-wustrow.de\/wp-content\/uploads\/2023\/11\/anne_holtwick_4-768x1668.jpg 768w, https:\/\/www.seniorenbeirat-wustrow.de\/wp-content\/uploads\/2023\/11\/anne_holtwick_4-707x1536.jpg 707w, https:\/\/www.seniorenbeirat-wustrow.de\/wp-content\/uploads\/2023\/11\/anne_holtwick_4-230x500.jpg 230w, https:\/\/www.seniorenbeirat-wustrow.de\/wp-content\/uploads\/2023\/11\/anne_holtwick_4-350x760.jpg 350w, https:\/\/www.seniorenbeirat-wustrow.de\/wp-content\/uploads\/2023\/11\/anne_holtwick_4-480x1043.jpg 480w, https:\/\/www.seniorenbeirat-wustrow.de\/wp-content\/uploads\/2023\/11\/anne_holtwick_4.jpg 928w\" sizes=\"auto, (max-width: 471px) 100vw, 471px\" \/><\/figure><\/div>\n\n\n\n<h4 class=\"wp-block-heading has-text-align-center has-white-color has-text-color has-link-color wp-elements-7cda12e36a6bc5126140df9d73e165c4\">Chandika Loh<\/h4>\n\n\n\n<div class=\"wp-block-media-text is-stacked-on-mobile\" style=\"grid-template-columns:20% auto\"><figure class=\"wp-block-media-text__media\"><img loading=\"lazy\" decoding=\"async\" width=\"471\" height=\"1024\" src=\"https:\/\/www.seniorenbeirat-wustrow.de\/wp-content\/uploads\/2024\/11\/sha3-471x1024.jpg\" alt=\"\" class=\"wp-image-2102 size-full\" srcset=\"https:\/\/www.seniorenbeirat-wustrow.de\/wp-content\/uploads\/2024\/11\/sha3-471x1024.jpg 471w, https:\/\/www.seniorenbeirat-wustrow.de\/wp-content\/uploads\/2024\/11\/sha3-138x300.jpg 138w, https:\/\/www.seniorenbeirat-wustrow.de\/wp-content\/uploads\/2024\/11\/sha3-768x1668.jpg 768w, https:\/\/www.seniorenbeirat-wustrow.de\/wp-content\/uploads\/2024\/11\/sha3-707x1536.jpg 707w, https:\/\/www.seniorenbeirat-wustrow.de\/wp-content\/uploads\/2024\/11\/sha3-230x500.jpg 230w, https:\/\/www.seniorenbeirat-wustrow.de\/wp-content\/uploads\/2024\/11\/sha3-350x760.jpg 350w, https:\/\/www.seniorenbeirat-wustrow.de\/wp-content\/uploads\/2024\/11\/sha3-480x1043.jpg 480w, https:\/\/www.seniorenbeirat-wustrow.de\/wp-content\/uploads\/2024\/11\/sha3.jpg 928w\" sizes=\"auto, (max-width: 471px) 100vw, 471px\" \/><\/figure><div class=\"wp-block-media-text__content\">\n<p class=\"has-white-color has-text-color has-link-color wp-elements-3f101a14ba7a37275df8199c177d98b8\">Geb. 1956 in Berlin-Friedrichshain<\/p>\n\n\n\n<p class=\"has-white-color has-text-color has-link-color wp-elements-fe4ddfecd789607c2ad0cbd9e123833d\">Verheiratet, zwei erwachsene Kinder, vier Enkel<\/p>\n\n\n\n<p class=\"has-white-color has-text-color has-link-color wp-elements-b3f17e8443b7e244379ad7606a70920f\">Ausbildungen: Gymnastik- und Yoga, Mentalcoaching, Ern\u00e4hrungsberatung mit dem Schwerpunkt \u201e\u00dcbers\u00e4uerung\u201c, Heilpraktikerin f\u00fcr Psychotherapie, Suchtberatung<\/p>\n\n\n\n<p class=\"has-white-color has-text-color has-link-color wp-elements-ae1c70194c4f30f25e2c0b0bc24a36bd\">1999-2015 Leitung des eigenen Instituts f\u00fcr Pers\u00f6nlichkeitsentfaltung in Berlin-Friedenau<\/p>\n\n\n\n<p class=\"has-white-color has-text-color has-link-color wp-elements-c2068419f3ebf5c39800b465fca64f6a\">Seit 2016 auf dem Fischland lebend<\/p>\n\n\n\n<p class=\"has-white-color has-text-color has-link-color wp-elements-0e4090d538f0a2c0441658e1dbc7ed4d\">Vier Jahre hindurch im Tourismus als \u201eHausdame\u201c in der Alten Weberei Ahrenshoop t\u00e4tig<\/p>\n\n\n\n<p class=\"has-white-color has-text-color has-link-color wp-elements-206aa14f511472c7c0bafd1528b34107\">Seit 2021 Rentnerin<\/p>\n\n\n\n<p class=\"has-white-color has-text-color has-link-color wp-elements-490c00c528cbf9e04cdd99ecdb5289a5\">Seit Fr\u00fchjahr 2024 Begr\u00fcnderin der Selbsthilfegruppe \u201eLieben ohne Co-Abh\u00e4ngigkeit\u201c in Wustrow. Seit November 2025 Sterbebegleiterin beim ambulanten Hospizverein Ribnitz-Damgarten<\/p>\n\n\n\n<p class=\"has-white-color has-text-color has-link-color wp-elements-4220c27142db5b3d48e529808f274801\">Als Seniorin liegt es nah, dass ich mich f\u00fcr die Interessen \u00e4lterer B\u00fcrger in unserem sch\u00f6nen Ostseebad engagiere.<\/p>\n<\/div><\/div>\n\n\n\n<h4 class=\"wp-block-heading has-text-align-center has-white-color has-text-color has-link-color wp-elements-bde7ecd76c271cee8879bcf4ed67efbb\">Gunda Wessel<\/h4>\n\n\n\n<div class=\"wp-block-media-text has-media-on-the-right is-stacked-on-mobile\" style=\"grid-template-columns:auto 20%\"><div class=\"wp-block-media-text__content\">\n<p class=\"has-white-color has-text-color has-link-color wp-elements-e4cbc93ccada64a44993a67190636e0c\">Geboren: 1945<\/p>\n\n\n\n<p class=\"has-white-color has-text-color has-link-color wp-elements-9cac2163d936038df24a8e1843f96528\">Verwitwet, 3 erwachsene Stiefkinder, ein Hund<\/p>\n\n\n\n<p class=\"has-white-color has-text-color has-link-color wp-elements-45cfa48ef9137801056a9a52c1e4f822\">Geboren und aufgewachsen in Dissen am Teutoburger Wald<\/p>\n\n\n\n<p class=\"has-white-color has-text-color has-link-color wp-elements-c836fc38eb8482a977ca804586a0b7e3\">Schulabschluss 1964 in Osnabr\u00fcck<\/p>\n\n\n\n<p class=\"has-white-color has-text-color has-link-color wp-elements-521cf3b1411d45e843be6e7e0ac72bd1\">Studium von 1964 bis 1967 in M\u00fcnster<\/p>\n\n\n\n<p class=\"has-white-color has-text-color has-link-color wp-elements-6a30020d232ea9b1d6ad09c87f28f352\">Im Schuldienst mit wechselnden Aufgaben von 1967 bis 2009 in<\/p>\n\n\n\n<p class=\"has-white-color has-text-color has-link-color wp-elements-4a3bb1c6a1e3aa81270f431437e796e1\">Recklinghausen, Bremen und Diepholz<\/p>\n\n\n\n<p class=\"has-white-color has-text-color has-link-color wp-elements-0e6885042568a26ef49ae65cd2eb62b5\">Seit 1991 w\u00e4hrend aller freien Tage in Wustrow<\/p>\n\n\n\n<p class=\"has-white-color has-text-color has-link-color wp-elements-d1742cb757de27f3f7f1d5518ae91441\">Seit 2010 dauerhaft und gl\u00fccklich in Wustrow lebend<\/p>\n\n\n\n<p class=\"has-white-color has-text-color has-link-color wp-elements-23f767b0b9058aa97fe196bf57b2d2f7\">Interessen: B\u00fccherkiste, Seniorenbeirat, Mensanerin, Camperreisen, Lesen<\/p>\n<\/div><figure class=\"wp-block-media-text__media\"><img loading=\"lazy\" decoding=\"async\" width=\"471\" height=\"1024\" src=\"https:\/\/www.seniorenbeirat-wustrow.de\/wp-content\/uploads\/2022\/02\/Gunda-Wessel-471x1024.jpg\" alt=\"\" class=\"wp-image-1516 size-full\" srcset=\"https:\/\/www.seniorenbeirat-wustrow.de\/wp-content\/uploads\/2022\/02\/Gunda-Wessel-471x1024.jpg 471w, https:\/\/www.seniorenbeirat-wustrow.de\/wp-content\/uploads\/2022\/02\/Gunda-Wessel-138x300.jpg 138w, https:\/\/www.seniorenbeirat-wustrow.de\/wp-content\/uploads\/2022\/02\/Gunda-Wessel-768x1668.jpg 768w, https:\/\/www.seniorenbeirat-wustrow.de\/wp-content\/uploads\/2022\/02\/Gunda-Wessel-707x1536.jpg 707w, https:\/\/www.seniorenbeirat-wustrow.de\/wp-content\/uploads\/2022\/02\/Gunda-Wessel-920x1999.jpg 920w, https:\/\/www.seniorenbeirat-wustrow.de\/wp-content\/uploads\/2022\/02\/Gunda-Wessel-230x500.jpg 230w, https:\/\/www.seniorenbeirat-wustrow.de\/wp-content\/uploads\/2022\/02\/Gunda-Wessel-350x760.jpg 350w, https:\/\/www.seniorenbeirat-wustrow.de\/wp-content\/uploads\/2022\/02\/Gunda-Wessel-480x1043.jpg 480w, https:\/\/www.seniorenbeirat-wustrow.de\/wp-content\/uploads\/2022\/02\/Gunda-Wessel.jpg 928w\" sizes=\"auto, (max-width: 471px) 100vw, 471px\" \/><\/figure><\/div>\n\n\n\n<h4 class=\"wp-block-heading has-text-align-center has-white-color has-text-color has-link-color wp-elements-18755a6e8dcad70e33415b42b9e400c0\">Johanna Zeich<\/h4>\n\n\n\n<div class=\"wp-block-media-text is-stacked-on-mobile\" style=\"grid-template-columns:20% auto\"><figure class=\"wp-block-media-text__media\"><img loading=\"lazy\" decoding=\"async\" width=\"480\" height=\"640\" src=\"https:\/\/www.seniorenbeirat-wustrow.de\/wp-content\/uploads\/2025\/12\/3bade499-5e54-48ef-97e5-8e541e07a48c.jpeg\" alt=\"\" class=\"wp-image-2510 size-full\" srcset=\"https:\/\/www.seniorenbeirat-wustrow.de\/wp-content\/uploads\/2025\/12\/3bade499-5e54-48ef-97e5-8e541e07a48c.jpeg 480w, https:\/\/www.seniorenbeirat-wustrow.de\/wp-content\/uploads\/2025\/12\/3bade499-5e54-48ef-97e5-8e541e07a48c-225x300.jpeg 225w, https:\/\/www.seniorenbeirat-wustrow.de\/wp-content\/uploads\/2025\/12\/3bade499-5e54-48ef-97e5-8e541e07a48c-230x307.jpeg 230w, https:\/\/www.seniorenbeirat-wustrow.de\/wp-content\/uploads\/2025\/12\/3bade499-5e54-48ef-97e5-8e541e07a48c-350x467.jpeg 350w\" sizes=\"auto, (max-width: 480px) 100vw, 480px\" \/><\/figure><div class=\"wp-block-media-text__content\">\n<p class=\"has-white-color has-text-color has-link-color wp-elements-4074bd6d038f7775b6f3ec785d5e685f\">Am 31.M\u00e4rz JJJJ in Winsen a. d. Luhe geboren<br>Kindheit im naturumgebenen Holm-Seppensen erlebt<br>Schulzeit, Studium, Berufsjahre (u.a. als GymnasialLehrerin) in der Hansestadt Hamburg*alle Sommerurlaube am Meer verbracht mit dem Wunsch, am Meer zu leben<br>2011-2021 in Berlin Sch\u00f6neberg vierj\u00e4hrige YogaAusbildung mit anschlie\u00dfender Praxis<br>Seit 2013 des \u00f6fteren auf dem Fischland\/Niehagen zu Gast<br>Seit Juni 2021 fester Wohnsitz in Wustrow<br>Soziales Engagement im Umgang mit Kindern und Seniorinnen, in ehrenamtlicher Hospizt\u00e4tigkeit, in alternativer Schule, im SeniorenBeirat<br>Inzwischen selbst Seniorin m\u00f6chte ich mich gerne f\u00fcr die Belange, das Wohlergehen \u00e4lterer Menschen einsetzen, was im SeniorenBeirat gut gelingen kann.<\/p>\n\n\n\n<p class=\"has-white-color has-text-color has-link-color wp-elements-c645e628e62f8fbab9d9726851472d16\"><\/p>\n<\/div><\/div>\n\n\n\n<h2 class=\"wp-block-heading has-text-align-center has-white-color has-text-color\" id=\"das-anliegen-des-seniorenbeirats\"> Das Anliegen des Seniorenbeirats: <\/h2>\n\n\n\n<ul>\n<li style=\"text-align: center;\"><span style=\"color: #ffffff;\">Soziales Miteinander<\/span><\/li>\n<li style=\"text-align: center;\"><span style=\"color: #ffffff;\">Ehrenamtliches Engagement<\/span><\/li>\n<li style=\"text-align: center;\"><span style=\"color: #ffffff;\">Angebote f\u00fcr \u00e4ltere B\u00fcrger auf den Gebieten von Sport, Kultur und Gesundheit<\/span><\/li>\n<li style=\"text-align: center;\"><span style=\"color: #ffffff;\">Vernetzung mit anderen Vereinen und Tr\u00e4gern<\/span><\/li>\n<li style=\"text-align: center;\"><span style=\"color: #ffffff;\">altersgerechtes und betreutes Wohnen<\/span><\/li>\n<li style=\"text-align: center;\"><span style=\"color: #ffffff;\">Jung hilft Alt, Alt hilft Jung<\/span><\/li>\n<li style=\"text-align: center;\"><span style=\"color: #ffffff;\">Mitwirkung in allen seniorenrelevanten Fragen auf kommunaler Ebene<\/span><\/li>\n<\/ul>\n\n\n\n<h2 class=\"wp-block-heading has-text-align-center has-white-color has-text-color\" id=\"satzung-des-seniorenbeirats-wustrow\"> Satzung  des Seniorenbeirats Wustrow <\/h2>\n\n\n\n<div class=\"wp-block-file aligncenter\"><a id=\"wp-block-file--media-a83e0770-bb9d-46f2-aa51-d3cb0415f3ff\" href=\"https:\/\/www.seniorenbeirat-wustrow.de\/wp-content\/uploads\/2020\/01\/Satzung-des-Seniorenbeirats-Wustrow-vom-20191218.pdf\" target=\"_blank\" rel=\"noreferrer noopener\">Satzung des Seniorenbeirats Wustrow vom 18.12.2019<\/a><\/div>\n\n\n\n<h2 class=\"wp-block-heading has-text-align-center has-white-color has-text-color\" id=\"offentlichkeitsarbeit\"> \u00d6ffentlichkeitsarbeit <\/h2>\n\n\n\n<p align=\"center\"><span style=\"color: #ffffff;\">Informationsblatt f\u00fcr die Einwohner von Wustrow und Freunde<\/span><br \/><span style=\"color: #ffffff;\">&#8211; viertelj\u00e4hrlich, seit Dezember 2009 &#8211;<\/span><br \/><span style=\"color: #ffffff;\">&#8211; Auflage 1000 Exempl. \u2013<\/span><\/p>\n<p style=\"text-align: center;\" align=\"center\"><span style=\"color: #ffffff;\">Herausgegeben vom Redaktionsteam Wustrower Infoheft<\/span><\/p>\n<p align=\"center\"><span style=\"color: #ffffff;\">Ansprechpartner: Robert Sington, infoblatt@ostseebad-wustrow.de<\/span><\/p>\n<\/div><\/div>\n\n\n\n<p><\/p>\n\n\n\n<p><\/p>\n","protected":false},"excerpt":{"rendered":"","protected":false},"author":1,"featured_media":0,"parent":0,"menu_order":0,"comment_status":"closed","ping_status":"closed","template":"page-templates\/page_fullwidth.php","meta":{"footnotes":""},"class_list":["post-7","page","type-page","status-publish","hentry"],"_links":{"self":[{"href":"https:\/\/www.seniorenbeirat-wustrow.de\/index.php\/wp-json\/wp\/v2\/pages\/7","targetHints":{"allow":["GET"]}}],"collection":[{"href":"https:\/\/www.seniorenbeirat-wustrow.de\/index.php\/wp-json\/wp\/v2\/pages"}],"about":[{"href":"https:\/\/www.seniorenbeirat-wustrow.de\/index.php\/wp-json\/wp\/v2\/types\/page"}],"author":[{"embeddable":true,"href":"https:\/\/www.seniorenbeirat-wustrow.de\/index.php\/wp-json\/wp\/v2\/users\/1"}],"replies":[{"embeddable":true,"href":"https:\/\/www.seniorenbeirat-wustrow.de\/index.php\/wp-json\/wp\/v2\/comments?post=7"}],"version-history":[{"count":48,"href":"https:\/\/www.seniorenbeirat-wustrow.de\/index.php\/wp-json\/wp\/v2\/pages\/7\/revisions"}],"predecessor-version":[{"id":2523,"href":"https:\/\/www.seniorenbeirat-wustrow.de\/index.php\/wp-json\/wp\/v2\/pages\/7\/revisions\/2523"}],"wp:attachment":[{"href":"https:\/\/www.seniorenbeirat-wustrow.de\/index.php\/wp-json\/wp\/v2\/media?parent=7"}],"curies":[{"name":"wp","href":"https:\/\/api.w.org\/{rel}","templated":true}]}}